{"id":294,"date":"2019-02-24T11:44:11","date_gmt":"2019-02-24T11:44:11","guid":{"rendered":"http:\/\/theater-st-martin.at\/?page_id=294"},"modified":"2019-02-24T11:48:54","modified_gmt":"2019-02-24T11:48:54","slug":"2019-fun-more","status":"publish","type":"page","link":"https:\/\/theater-st-martin.at\/wordpress\/?page_id=294","title":{"rendered":"2019 &#8211; Fun &#038; More"},"content":{"rendered":"<p>Zum bereits 4. Mal ging am 15. und 16.02.2019 die Faschingsveranstaltung &#8222;Fun &amp; More&#8220; in St. Martin in der Mehrzweckhalle \u00fcber die B\u00fchne.<\/p>\n<p>Wir waren nat\u00fcrlich auch wieder dabei, dieses Mal mit einer &#8222;Phobienselbsthilfegruppe&#8220;.<\/p>\n<p>Ein Video davon gibt&#8217;s auf unserem <a href=\"https:\/\/www.youtube.com\/watch?v=yKIThqgfHpQ&amp;t=26s\" target=\"_blank\" rel=\"noopener\">Youtube-Channel<\/a>.<\/p>\n","protected":false},"excerpt":{"rendered":"<p>Zum bereits 4. Mal ging am 15. und 16.02.2019 die Faschingsveranstaltung &#8222;Fun &amp; More&#8220; in St. Martin in der Mehrzweckhalle \u00fcber die B\u00fchne. Wir waren nat\u00fcrlich auch wieder dabei, dieses Mal mit einer &#8222;Phobienselbsthilfegruppe&#8220;. Ein Video davon gibt&#8217;s auf unserem Youtube-Channel.<\/p>\n","protected":false},"author":2,"featured_media":297,"parent":0,"menu_order":0,"comment_status":"closed","ping_status":"closed","template":"","meta":{"footnotes":""},"class_list":["post-294","page","type-page","status-publish","has-post-thumbnail","hentry"],"_links":{"self":[{"href":"https:\/\/theater-st-martin.at\/wordpress\/index.php?rest_route=\/wp\/v2\/pages\/294","targetHints":{"allow":["GET"]}}],"collection":[{"href":"https:\/\/theater-st-martin.at\/wordpress\/index.php?rest_route=\/wp\/v2\/pages"}],"about":[{"href":"https:\/\/theater-st-martin.at\/wordpress\/index.php?rest_route=\/wp\/v2\/types\/page"}],"author":[{"embeddable":true,"href":"https:\/\/theater-st-martin.at\/wordpress\/index.php?rest_route=\/wp\/v2\/users\/2"}],"replies":[{"embeddable":true,"href":"https:\/\/theater-st-martin.at\/wordpress\/index.php?rest_route=%2Fwp%2Fv2%2Fcomments&post=294"}],"version-history":[{"count":2,"href":"https:\/\/theater-st-martin.at\/wordpress\/index.php?rest_route=\/wp\/v2\/pages\/294\/revisions"}],"predecessor-version":[{"id":296,"href":"https:\/\/theater-st-martin.at\/wordpress\/index.php?rest_route=\/wp\/v2\/pages\/294\/revisions\/296"}],"wp:featuredmedia":[{"embeddable":true,"href":"https:\/\/theater-st-martin.at\/wordpress\/index.php?rest_route=\/wp\/v2\/media\/297"}],"wp:attachment":[{"href":"https:\/\/theater-st-martin.at\/wordpress\/index.php?rest_route=%2Fwp%2Fv2%2Fmedia&parent=294"}],"curies":[{"name":"wp","href":"https:\/\/api.w.org\/{rel}","templated":true}]}}