{"id":368,"date":"2023-03-18T10:23:37","date_gmt":"2023-03-18T10:23:37","guid":{"rendered":"https:\/\/theater-st-martin.at\/wordpress\/?page_id=368"},"modified":"2023-03-18T10:23:37","modified_gmt":"2023-03-18T10:23:37","slug":"2022-maerchenwanderung","status":"publish","type":"page","link":"https:\/\/theater-st-martin.at\/wordpress\/?page_id=368","title":{"rendered":"2022 M\u00e4rchenwanderung"},"content":{"rendered":"<div dir=\"auto\">130 Kinder und Erwachsene folgten am 12.08.2022 bei strahlendem\u00a0 Sonnenschein unserer Einladung zur M\u00e4rchenwanderung, die wir bei einem Picknick vor der Musikschule ausklingen lie\u00dfen.<\/div>\n<div dir=\"auto\">Danke f\u00fcr Eurer Kommen, es hat uns wieder sehr viel Spa\u00df gemacht f\u00fcr Euch zu spielen!<\/div>\n","protected":false},"excerpt":{"rendered":"<p>130 Kinder und Erwachsene folgten am 12.08.2022 bei strahlendem\u00a0 Sonnenschein unserer Einladung zur M\u00e4rchenwanderung, die wir bei einem Picknick vor der Musikschule ausklingen lie\u00dfen. Danke f\u00fcr Eurer Kommen, es hat uns wieder sehr viel Spa\u00df gemacht f\u00fcr Euch zu spielen!<\/p>\n","protected":false},"author":2,"featured_media":358,"parent":0,"menu_order":0,"comment_status":"closed","ping_status":"closed","template":"","meta":{"footnotes":""},"class_list":["post-368","page","type-page","status-publish","has-post-thumbnail","hentry"],"_links":{"self":[{"href":"https:\/\/theater-st-martin.at\/wordpress\/index.php?rest_route=\/wp\/v2\/pages\/368","targetHints":{"allow":["GET"]}}],"collection":[{"href":"https:\/\/theater-st-martin.at\/wordpress\/index.php?rest_route=\/wp\/v2\/pages"}],"about":[{"href":"https:\/\/theater-st-martin.at\/wordpress\/index.php?rest_route=\/wp\/v2\/types\/page"}],"author":[{"embeddable":true,"href":"https:\/\/theater-st-martin.at\/wordpress\/index.php?rest_route=\/wp\/v2\/users\/2"}],"replies":[{"embeddable":true,"href":"https:\/\/theater-st-martin.at\/wordpress\/index.php?rest_route=%2Fwp%2Fv2%2Fcomments&post=368"}],"version-history":[{"count":2,"href":"https:\/\/theater-st-martin.at\/wordpress\/index.php?rest_route=\/wp\/v2\/pages\/368\/revisions"}],"predecessor-version":[{"id":370,"href":"https:\/\/theater-st-martin.at\/wordpress\/index.php?rest_route=\/wp\/v2\/pages\/368\/revisions\/370"}],"wp:featuredmedia":[{"embeddable":true,"href":"https:\/\/theater-st-martin.at\/wordpress\/index.php?rest_route=\/wp\/v2\/media\/358"}],"wp:attachment":[{"href":"https:\/\/theater-st-martin.at\/wordpress\/index.php?rest_route=%2Fwp%2Fv2%2Fmedia&parent=368"}],"curies":[{"name":"wp","href":"https:\/\/api.w.org\/{rel}","templated":true}]}}