{"id":449,"date":"2025-02-06T21:11:08","date_gmt":"2025-02-06T21:11:08","guid":{"rendered":"https:\/\/theater-st-martin.at\/wordpress\/?page_id=449"},"modified":"2025-02-06T21:11:08","modified_gmt":"2025-02-06T21:11:08","slug":"2024-biographie-ein-spiel","status":"publish","type":"page","link":"https:\/\/theater-st-martin.at\/wordpress\/?page_id=449","title":{"rendered":"2024 &#8222;Biographie &#8211; ein Spiel&#8220;"},"content":{"rendered":"<h2>&#8222;Biographie &#8211; Ein Spiel&#8220;<br \/>\n(Theaterst\u00fcck von Max Frisch)<\/h2>\n<p><img loading=\"lazy\" decoding=\"async\" class=\"aligncenter size-large wp-image-423\" src=\"https:\/\/theater-st-martin.at\/wordpress\/wp-content\/uploads\/2024\/02\/CR6_3937-1024x683.jpg\" alt=\"\" width=\"660\" height=\"440\" srcset=\"https:\/\/theater-st-martin.at\/wordpress\/wp-content\/uploads\/2024\/02\/CR6_3937-1024x683.jpg 1024w, https:\/\/theater-st-martin.at\/wordpress\/wp-content\/uploads\/2024\/02\/CR6_3937-300x200.jpg 300w, https:\/\/theater-st-martin.at\/wordpress\/wp-content\/uploads\/2024\/02\/CR6_3937-768x512.jpg 768w, https:\/\/theater-st-martin.at\/wordpress\/wp-content\/uploads\/2024\/02\/CR6_3937-1536x1024.jpg 1536w, https:\/\/theater-st-martin.at\/wordpress\/wp-content\/uploads\/2024\/02\/CR6_3937-2048x1365.jpg 2048w\" sizes=\"auto, (max-width: 660px) 100vw, 660px\" \/>Premiere am Fr 05.04.2024<br \/>\nWeitere Termine:<br \/>\nSa 06.04., So 07.04.2024<br \/>\nFr 12.04., Sa 13.04., So 14.04.2024<\/p>\n<p>Sa 17.08.2024 &#8211; Theaterfestival in Voitsberg<br \/>\nSo 06.10.2024 &#8211; Gastspiel im Landestheater Linz<\/p>\n<p><strong><span class=\"x193iq5w xeuugli x13faqbe x1vvkbs x10flsy6 x1lliihq x1s928wv xhkezso x1gmr53x x1cpjm7i x1fgarty x1943h6x x4zkp8e x41vudc x6prxxf xvq8zen xo1l8bm xzsf02u x1yc453h\" dir=\"auto\">Ein besonderes Highlight war f\u00fcr uns 2024 das Gastspiel im Landestheater Linz auf Einladung des Amateurtheaterverbands.<br \/>\n<\/span><\/strong><\/p>\n<p><span class=\"ui-provider a b c d e f g h i j k l m n o p q r s t u v w x y z ab ac ae af ag ah ai aj ak\" dir=\"ltr\">Inhalt:<br \/>\n<\/span><span class=\"ui-provider a b c d e f g h i j k l m n o p q r s t u v w x y z ab ac ae af ag ah ai aj ak\" dir=\"ltr\">Herr K\u00fcrmann hat die einmalige Chance erhalten, seine eigene Lebensgeschichte noch einmal selbst zu durchleben, mit der Freiheit, jede einzelne seiner Entscheidungen nach seinem Belieben zu \u00e4ndern. Was anf\u00e4nglich klingt wie der Traum eines jeden Menschen, stellt Herrn K\u00fcrmann schnell vor gro\u00dfe Herausforderungen &#8211; jede seiner Entscheidungen hat schlie\u00dflich Konsequenzen und Auswirkungen und zwar nicht nur f\u00fcr ihn selbst, sondern auch f\u00fcr die Menschen um ihn herum, die ihn auf seinem Lebensweg begleiten. Eine B\u00fchne auf der B\u00fchne zeigt eindrucksvoll, wie es denn sein k\u00f6nnte, wenn man eine 2. Chance erh\u00e4lt, um anhand der eigenen Erfahrung von Anfang an alles richtig zu machen &#8211; oder doch nicht?<\/span><\/p>\n","protected":false},"excerpt":{"rendered":"<p>&#8222;Biographie &#8211; Ein Spiel&#8220; (Theaterst\u00fcck von Max Frisch) Premiere am Fr 05.04.2024 Weitere Termine: Sa 06.04., So 07.04.2024 Fr 12.04., Sa 13.04., So 14.04.2024 Sa 17.08.2024 &#8211; Theaterfestival in Voitsberg So 06.10.2024 &#8211; Gastspiel im Landestheater Linz Ein besonderes Highlight war f\u00fcr uns 2024 das Gastspiel im Landestheater Linz auf Einladung des Amateurtheaterverbands. Inhalt: Herr &hellip; <a href=\"https:\/\/theater-st-martin.at\/wordpress\/?page_id=449\" class=\"more-link\"><span class=\"screen-reader-text\">2024 &#8222;Biographie &#8211; ein Spiel&#8220;<\/span> weiterlesen<\/a><\/p>\n","protected":false},"author":2,"featured_media":0,"parent":0,"menu_order":0,"comment_status":"closed","ping_status":"closed","template":"","meta":{"footnotes":""},"class_list":["post-449","page","type-page","status-publish","hentry"],"_links":{"self":[{"href":"https:\/\/theater-st-martin.at\/wordpress\/index.php?rest_route=\/wp\/v2\/pages\/449","targetHints":{"allow":["GET"]}}],"collection":[{"href":"https:\/\/theater-st-martin.at\/wordpress\/index.php?rest_route=\/wp\/v2\/pages"}],"about":[{"href":"https:\/\/theater-st-martin.at\/wordpress\/index.php?rest_route=\/wp\/v2\/types\/page"}],"author":[{"embeddable":true,"href":"https:\/\/theater-st-martin.at\/wordpress\/index.php?rest_route=\/wp\/v2\/users\/2"}],"replies":[{"embeddable":true,"href":"https:\/\/theater-st-martin.at\/wordpress\/index.php?rest_route=%2Fwp%2Fv2%2Fcomments&post=449"}],"version-history":[{"count":6,"href":"https:\/\/theater-st-martin.at\/wordpress\/index.php?rest_route=\/wp\/v2\/pages\/449\/revisions"}],"predecessor-version":[{"id":465,"href":"https:\/\/theater-st-martin.at\/wordpress\/index.php?rest_route=\/wp\/v2\/pages\/449\/revisions\/465"}],"wp:attachment":[{"href":"https:\/\/theater-st-martin.at\/wordpress\/index.php?rest_route=%2Fwp%2Fv2%2Fmedia&parent=449"}],"curies":[{"name":"wp","href":"https:\/\/api.w.org\/{rel}","templated":true}]}}